{"id":130,"date":"2026-04-21T02:31:57","date_gmt":"2026-04-21T00:31:57","guid":{"rendered":"http:\/\/sklepnazaliczeniedopananowickiego.pl\/?page_id=130"},"modified":"2026-04-21T02:42:59","modified_gmt":"2026-04-21T00:42:59","slug":"o-nas","status":"publish","type":"page","link":"https:\/\/sklepnazaliczeniedopananowickiego.pl\/?page_id=130","title":{"rendered":"O nas"},"content":{"rendered":"\n<figure class=\"wp-block-image size-full is-resized\"><img loading=\"lazy\" decoding=\"async\" width=\"512\" height=\"512\" src=\"http:\/\/sklepnazaliczeniedopananowickiego.pl\/wp-content\/uploads\/2026\/04\/Cartoon-Jokes.jpg\" alt=\"\" class=\"wp-image-133\" style=\"width:235px;height:auto\" srcset=\"https:\/\/sklepnazaliczeniedopananowickiego.pl\/wp-content\/uploads\/2026\/04\/Cartoon-Jokes.jpg 512w, https:\/\/sklepnazaliczeniedopananowickiego.pl\/wp-content\/uploads\/2026\/04\/Cartoon-Jokes-300x300.jpg 300w, https:\/\/sklepnazaliczeniedopananowickiego.pl\/wp-content\/uploads\/2026\/04\/Cartoon-Jokes-150x150.jpg 150w, https:\/\/sklepnazaliczeniedopananowickiego.pl\/wp-content\/uploads\/2026\/04\/Cartoon-Jokes-100x100.jpg 100w\" sizes=\"auto, (max-width: 512px) 100vw, 512px\" \/><\/figure>\n\n\n\n<p>ROL-SHOP to sklep internetowy, kt\u00f3remu mo\u017cesz zaufa\u0107, je\u015bli zale\u017cy Ci na jako\u015bci i pewnym pochodzeniu produkt\u00f3w. Oferujemy wy\u0142\u0105cznie sprawdzone maszyny rolnicze, nawozy oraz pasze dla zwierz\u0105t gospodarskich, kt\u00f3re pochodz\u0105 od renomowanych i zweryfikowanych dostawc\u00f3w. Dzi\u0119ki temu masz pewno\u015b\u0107, \u017ce kupujesz produkty trwa\u0142e, wydajne i bezpieczne w u\u017cytkowaniu.<\/p>\n\n\n\n<p>Dbamy o to, aby nasz asortyment spe\u0142nia\u0142 realne potrzeby nowoczesnych gospodarstw. Ka\u017cdy produkt jest starannie wyselekcjonowany pod k\u0105tem jako\u015bci wykonania oraz efektywno\u015bci pracy, co przek\u0142ada si\u0119 na lepsze wyniki w polu i w hodowli. Stawiamy na rozwi\u0105zania, kt\u00f3re sami poleciliby\u015bmy w praktyce.<\/p>\n\n\n\n<figure class=\"wp-block-image size-large is-resized\"><img loading=\"lazy\" decoding=\"async\" width=\"1024\" height=\"917\" src=\"http:\/\/sklepnazaliczeniedopananowickiego.pl\/wp-content\/uploads\/2026\/04\/image-69e6c418e76a2-1024x917.png\" alt=\"Reduce overall image size\" class=\"wp-image-129\" style=\"aspect-ratio:1.1167006571493314;width:242px;height:auto\" srcset=\"https:\/\/sklepnazaliczeniedopananowickiego.pl\/wp-content\/uploads\/2026\/04\/image-69e6c418e76a2-1024x917.png 1024w, https:\/\/sklepnazaliczeniedopananowickiego.pl\/wp-content\/uploads\/2026\/04\/image-69e6c418e76a2-300x269.png 300w, https:\/\/sklepnazaliczeniedopananowickiego.pl\/wp-content\/uploads\/2026\/04\/image-69e6c418e76a2-768x688.png 768w, https:\/\/sklepnazaliczeniedopananowickiego.pl\/wp-content\/uploads\/2026\/04\/image-69e6c418e76a2-600x537.png 600w, https:\/\/sklepnazaliczeniedopananowickiego.pl\/wp-content\/uploads\/2026\/04\/image-69e6c418e76a2.png 1090w\" sizes=\"auto, (max-width: 1024px) 100vw, 1024px\" \/><\/figure>\n\n\n\n<p>Posiadamy certyfikaty ekologiczne BIO oraz pozytywne wyniki bada\u0144 Agro Bio Test, co potwierdza wysok\u0105 jako\u015b\u0107 oraz zgodno\u015b\u0107 wybranych produkt\u00f3w z normami rolnictwa ekologicznego i bezpiecze\u0144stwa.<\/p>\n\n\n\n<figure class=\"wp-block-image size-full is-resized\"><img loading=\"lazy\" decoding=\"async\" width=\"500\" height=\"333\" src=\"http:\/\/sklepnazaliczeniedopananowickiego.pl\/wp-content\/uploads\/2026\/04\/logo_EU_Organic.jpg\" alt=\"\" class=\"wp-image-131\" style=\"width:240px;height:auto\" srcset=\"https:\/\/sklepnazaliczeniedopananowickiego.pl\/wp-content\/uploads\/2026\/04\/logo_EU_Organic.jpg 500w, https:\/\/sklepnazaliczeniedopananowickiego.pl\/wp-content\/uploads\/2026\/04\/logo_EU_Organic-300x200.jpg 300w\" sizes=\"auto, (max-width: 500px) 100vw, 500px\" \/><\/figure>\n\n\n\n<p>Zakupy w ROL-SHOP to wygoda i oszcz\u0119dno\u015b\u0107 czasu \u2013najlepsze oferty, szybka realizacja zam\u00f3wie\u0144 oraz rzetelna obs\u0142uga sprawiaj\u0105, \u017ce wszystko, czego potrzebujesz, masz w jednym miejscu. Je\u015bli szukasz sklepu, kt\u00f3ry \u0142\u0105czy wysok\u0105 jako\u015b\u0107 produkt\u00f3w ze sprawdzonym pochodzeniem i profesjonalnym podej\u015bciem, ROL-SHOP to w\u0142a\u015bciwy wyb\u00f3r.<\/p>\n\n\n\n<figure class=\"wp-block-image size-full is-resized\"><img loading=\"lazy\" decoding=\"async\" width=\"275\" height=\"183\" src=\"http:\/\/sklepnazaliczeniedopananowickiego.pl\/wp-content\/uploads\/2026\/04\/pobrany-plik.png\" alt=\"\" class=\"wp-image-132\" style=\"width:419px;height:auto\"\/><\/figure>\n","protected":false},"excerpt":{"rendered":"<p>ROL-SHOP to sklep internetowy, kt\u00f3remu mo\u017cesz zaufa\u0107, je\u015bli zale\u017cy Ci na jako\u015bci i pewnym pochodzeniu produkt\u00f3w. Oferujemy wy\u0142\u0105cznie sprawdzone maszyny [&hellip;]<\/p>\n","protected":false},"author":1,"featured_media":0,"parent":0,"menu_order":0,"comment_status":"closed","ping_status":"closed","template":"","meta":{"site-sidebar-layout":"default","site-content-layout":"","ast-site-content-layout":"default","site-content-style":"default","site-sidebar-style":"default","ast-global-header-display":"","ast-banner-title-visibility":"","ast-main-header-display":"","ast-hfb-above-header-display":"","ast-hfb-below-header-display":"","ast-hfb-mobile-header-display":"","site-post-title":"","ast-breadcrumbs-content":"","ast-featured-img":"","footer-sml-layout":"","ast-disable-related-posts":"","theme-transparent-header-meta":"","adv-header-id-meta":"","stick-header-meta":"","header-above-stick-meta":"","header-main-stick-meta":"","header-below-stick-meta":"","astra-migrate-meta-layouts":"default","ast-page-background-enabled":"default","ast-page-background-meta":{"desktop":{"background-color":"var(--ast-global-color-5)","background-image":"","background-repeat":"repeat","background-position":"center center","background-size":"auto","background-attachment":"scroll","background-type":"","background-media":"","overlay-type":"","overlay-color":"","overlay-opacity":"","overlay-gradient":""},"tablet":{"background-color":"","background-image":"","background-repeat":"repeat","background-position":"center center","background-size":"auto","background-attachment":"scroll","background-type":"","background-media":"","overlay-type":"","overlay-color":"","overlay-opacity":"","overlay-gradient":""},"mobile":{"background-color":"","background-image":"","background-repeat":"repeat","background-position":"center center","background-size":"auto","background-attachment":"scroll","background-type":"","background-media":"","overlay-type":"","overlay-color":"","overlay-opacity":"","overlay-gradient":""}},"ast-content-background-meta":{"desktop":{"background-color":"var(--ast-global-color-4)","background-image":"","background-repeat":"repeat","background-position":"center center","background-size":"auto","background-attachment":"scroll","background-type":"","background-media":"","overlay-type":"","overlay-color":"","overlay-opacity":"","overlay-gradient":""},"tablet":{"background-color":"var(--ast-global-color-4)","background-image":"","background-repeat":"repeat","background-position":"center center","background-size":"auto","background-attachment":"scroll","background-type":"","background-media":"","overlay-type":"","overlay-color":"","overlay-opacity":"","overlay-gradient":""},"mobile":{"background-color":"var(--ast-global-color-4)","background-image":"","background-repeat":"repeat","background-position":"center center","background-size":"auto","background-attachment":"scroll","background-type":"","background-media":"","overlay-type":"","overlay-color":"","overlay-opacity":"","overlay-gradient":""}},"footnotes":""},"class_list":["post-130","page","type-page","status-publish","hentry"],"jetpack_sharing_enabled":true,"_links":{"self":[{"href":"https:\/\/sklepnazaliczeniedopananowickiego.pl\/index.php?rest_route=\/wp\/v2\/pages\/130","targetHints":{"allow":["GET"]}}],"collection":[{"href":"https:\/\/sklepnazaliczeniedopananowickiego.pl\/index.php?rest_route=\/wp\/v2\/pages"}],"about":[{"href":"https:\/\/sklepnazaliczeniedopananowickiego.pl\/index.php?rest_route=\/wp\/v2\/types\/page"}],"author":[{"embeddable":true,"href":"https:\/\/sklepnazaliczeniedopananowickiego.pl\/index.php?rest_route=\/wp\/v2\/users\/1"}],"replies":[{"embeddable":true,"href":"https:\/\/sklepnazaliczeniedopananowickiego.pl\/index.php?rest_route=%2Fwp%2Fv2%2Fcomments&post=130"}],"version-history":[{"count":3,"href":"https:\/\/sklepnazaliczeniedopananowickiego.pl\/index.php?rest_route=\/wp\/v2\/pages\/130\/revisions"}],"predecessor-version":[{"id":137,"href":"https:\/\/sklepnazaliczeniedopananowickiego.pl\/index.php?rest_route=\/wp\/v2\/pages\/130\/revisions\/137"}],"wp:attachment":[{"href":"https:\/\/sklepnazaliczeniedopananowickiego.pl\/index.php?rest_route=%2Fwp%2Fv2%2Fmedia&parent=130"}],"curies":[{"name":"wp","href":"https:\/\/api.w.org\/{rel}","templated":true}]}}