{"id":6,"date":"2026-04-20T18:56:49","date_gmt":"2026-04-20T16:56:49","guid":{"rendered":"http:\/\/sklepnazaliczeniedopananowickiego.pl\/?page_id=6"},"modified":"2026-04-20T23:01:47","modified_gmt":"2026-04-20T21:01:47","slug":"koszyk","status":"publish","type":"page","link":"https:\/\/sklepnazaliczeniedopananowickiego.pl\/?page_id=6","title":{"rendered":"Koszyk"},"content":{"rendered":"\n<div data-block-name=\"woocommerce\/cart\" class=\"wp-block-woocommerce-cart is-loading\">\n<div data-block-name=\"woocommerce\/filled-cart-block\" class=\"wp-block-woocommerce-filled-cart-block\">\n<div data-block-name=\"woocommerce\/cart-items-block\" class=\"wp-block-woocommerce-cart-items-block\">\n<div data-block-name=\"woocommerce\/cart-line-items-block\" class=\"wp-block-woocommerce-cart-line-items-block\"><\/div>\n\n\n<\/div>\n\n\n\n<div data-block-name=\"woocommerce\/cart-totals-block\" class=\"wp-block-woocommerce-cart-totals-block\">\n<div data-block-name=\"woocommerce\/cart-order-summary-block\" class=\"wp-block-woocommerce-cart-order-summary-block\">\n<div data-block-name=\"woocommerce\/cart-order-summary-heading-block\" data-content=\"Podsumowanie koszyka\" class=\"wp-block-woocommerce-cart-order-summary-heading-block\"><\/div>\n\n\n\n<div data-block-name=\"woocommerce\/cart-order-summary-coupon-form-block\" class=\"wp-block-woocommerce-cart-order-summary-coupon-form-block\"><\/div>\n\n\n\n<div data-block-name=\"woocommerce\/cart-order-summary-totals-block\" class=\"wp-block-woocommerce-cart-order-summary-totals-block\">\n<div data-block-name=\"woocommerce\/cart-order-summary-subtotal-block\" class=\"wp-block-woocommerce-cart-order-summary-subtotal-block\"><\/div>\n\n\n\n<div data-block-name=\"woocommerce\/cart-order-summary-fee-block\" class=\"wp-block-woocommerce-cart-order-summary-fee-block\"><\/div>\n\n\n\n<div data-block-name=\"woocommerce\/cart-order-summary-discount-block\" class=\"wp-block-woocommerce-cart-order-summary-discount-block\"><\/div>\n\n\n\n<div data-block-name=\"woocommerce\/cart-order-summary-shipping-block\" class=\"wp-block-woocommerce-cart-order-summary-shipping-block\"><\/div>\n\n\n\n<div data-block-name=\"woocommerce\/cart-order-summary-taxes-block\" class=\"wp-block-woocommerce-cart-order-summary-taxes-block\"><\/div>\n<\/div>\n<\/div>\n\n\n\n<div data-block-name=\"woocommerce\/cart-express-payment-block\" class=\"wp-block-woocommerce-cart-express-payment-block\"><\/div>\n\n\n\n<div data-block-name=\"woocommerce\/proceed-to-checkout-block\" class=\"wp-block-woocommerce-proceed-to-checkout-block\"><\/div>\n\n\n\n<div data-block-name=\"woocommerce\/cart-accepted-payment-methods-block\" class=\"wp-block-woocommerce-cart-accepted-payment-methods-block\"><\/div>\n<\/div>\n<\/div>\n\n\n\n<div data-block-name=\"woocommerce\/empty-cart-block\" class=\"wp-block-woocommerce-empty-cart-block\">\n<h2 class=\"wp-block-heading has-text-align-center with-empty-cart-icon wc-block-cart__empty-cart__title\">Your cart is currently empty!<\/h2>\n\n\n\n<hr class=\"wp-block-separator has-alpha-channel-opacity is-style-dots\"\/>\n\n\n\n<h2 class=\"wp-block-heading has-text-align-center\">New in store<\/h2>\n\n\n<div data-block-name=\"woocommerce\/product-new\" data-columns=\"4\" data-rows=\"1\" class=\"wc-block-grid wp-block-product-new wp-block-woocommerce-product-new wc-block-product-new has-4-columns\"><ul class=\"wc-block-grid__products\"><li class=\"wc-block-grid__product\">\n\t\t\t\t<a href=\"https:\/\/sklepnazaliczeniedopananowickiego.pl\/?product=nawoz-naturalny-agrolinija-s-1000-l\" class=\"wc-block-grid__product-link\">\n\t\t\t\t\t<div class=\"wc-block-grid__product-onsale\">\n\t\t\t<span aria-hidden=\"true\">Promocja<\/span>\n\t\t\t<span class=\"screen-reader-text\">Produkt w promocji<\/span>\n\t\t<\/div>\n\t\t\t\t\t<div class=\"wc-block-grid__product-image\"><img loading=\"lazy\" decoding=\"async\" width=\"300\" height=\"300\" src=\"https:\/\/sklepnazaliczeniedopananowickiego.pl\/wp-content\/uploads\/2026\/04\/A46364-300x300.png\" class=\"attachment-woocommerce_thumbnail size-woocommerce_thumbnail\" alt=\"NAW\u00d3Z NATURALNY AGROLINIJA-S 1000 L\" srcset=\"https:\/\/sklepnazaliczeniedopananowickiego.pl\/wp-content\/uploads\/2026\/04\/A46364-300x300.png 300w, https:\/\/sklepnazaliczeniedopananowickiego.pl\/wp-content\/uploads\/2026\/04\/A46364-150x150.png 150w, https:\/\/sklepnazaliczeniedopananowickiego.pl\/wp-content\/uploads\/2026\/04\/A46364-100x100.png 100w\" sizes=\"auto, (max-width: 300px) 100vw, 300px\" \/><\/div>\n\t\t\t\t\t<div class=\"wc-block-grid__product-title\">NAW\u00d3Z NATURALNY AGROLINIJA-S 1000 L<\/div>\n\t\t\t\t<\/a>\n\t\t\t\t<div class=\"wc-block-grid__product-price price\"><del aria-hidden=\"true\"><span class=\"woocommerce-Price-amount amount\">28 999,00&nbsp;<span class=\"woocommerce-Price-currencySymbol\">&#122;&#322;<\/span><\/span><\/del> <span class=\"screen-reader-text\">Pierwotna cena wynosi\u0142a: 28 999,00&nbsp;&#122;&#322;.<\/span><ins aria-hidden=\"true\"><span class=\"woocommerce-Price-amount amount\">26 700,00&nbsp;<span class=\"woocommerce-Price-currencySymbol\">&#122;&#322;<\/span><\/span><\/ins><span class=\"screen-reader-text\">Aktualna cena wynosi: 26 700,00&nbsp;&#122;&#322;.<\/span><\/div>\n\t\t\t\t\n\t\t\t\t<div class=\"wp-block-button wc-block-grid__product-add-to-cart\"><a href=\"\/index.php?rest_route=%2Fwp%2Fv2%2Fpages%2F6&#038;add-to-cart=108\" aria-label=\"Dodaj do koszyka: &bdquo;NAW\u00d3Z NATURALNY AGROLINIJA-S 1000 L&rdquo;\" data-quantity=\"1\" data-product_id=\"108\" data-product_sku=\"\" data-price=\"26700\" rel=\"nofollow\" class=\"wp-block-button__link  add_to_cart_button ajax_add_to_cart\">Dodaj do koszyka<\/a><\/div>\n\t\t\t<\/li><li class=\"wc-block-grid__product\">\n\t\t\t\t<a href=\"https:\/\/sklepnazaliczeniedopananowickiego.pl\/?product=nawoz-granulowany-polifoska-6-grupa-azoty-big-bag-500-kg\" class=\"wc-block-grid__product-link\">\n\t\t\t\t\t\n\t\t\t\t\t<div class=\"wc-block-grid__product-image\"><img loading=\"lazy\" decoding=\"async\" width=\"300\" height=\"300\" src=\"https:\/\/sklepnazaliczeniedopananowickiego.pl\/wp-content\/uploads\/2026\/04\/Zrzut-ekranu-2026-04-21-010326-300x300.png\" class=\"attachment-woocommerce_thumbnail size-woocommerce_thumbnail\" alt=\"Naw\u00f3z granulowany Polifoska 6 Grupa Azoty - Big Bag 500 kg\" srcset=\"https:\/\/sklepnazaliczeniedopananowickiego.pl\/wp-content\/uploads\/2026\/04\/Zrzut-ekranu-2026-04-21-010326-300x300.png 300w, https:\/\/sklepnazaliczeniedopananowickiego.pl\/wp-content\/uploads\/2026\/04\/Zrzut-ekranu-2026-04-21-010326-150x150.png 150w, https:\/\/sklepnazaliczeniedopananowickiego.pl\/wp-content\/uploads\/2026\/04\/Zrzut-ekranu-2026-04-21-010326-768x768.png 768w, https:\/\/sklepnazaliczeniedopananowickiego.pl\/wp-content\/uploads\/2026\/04\/Zrzut-ekranu-2026-04-21-010326-600x600.png 600w, https:\/\/sklepnazaliczeniedopananowickiego.pl\/wp-content\/uploads\/2026\/04\/Zrzut-ekranu-2026-04-21-010326-100x100.png 100w, https:\/\/sklepnazaliczeniedopananowickiego.pl\/wp-content\/uploads\/2026\/04\/Zrzut-ekranu-2026-04-21-010326.png 872w\" sizes=\"auto, (max-width: 300px) 100vw, 300px\" \/><\/div>\n\t\t\t\t\t<div class=\"wc-block-grid__product-title\">Naw\u00f3z granulowany Polifoska 6 Grupa Azoty &#8211; Big Bag 500 kg<\/div>\n\t\t\t\t<\/a>\n\t\t\t\t<div class=\"wc-block-grid__product-price price\"><span class=\"woocommerce-Price-amount amount\">1 440,00&nbsp;<span class=\"woocommerce-Price-currencySymbol\">&#122;&#322;<\/span><\/span><\/div>\n\t\t\t\t\n\t\t\t\t<div class=\"wp-block-button wc-block-grid__product-add-to-cart\"><a href=\"\/index.php?rest_route=%2Fwp%2Fv2%2Fpages%2F6&#038;add-to-cart=103\" aria-label=\"Dodaj do koszyka: &bdquo;Naw\u00f3z granulowany Polifoska 6 Grupa Azoty - Big Bag 500 kg&rdquo;\" data-quantity=\"1\" data-product_id=\"103\" data-product_sku=\"\" data-price=\"1440\" rel=\"nofollow\" class=\"wp-block-button__link  add_to_cart_button ajax_add_to_cart\">Dodaj do koszyka<\/a><\/div>\n\t\t\t<\/li><li class=\"wc-block-grid__product\">\n\t\t\t\t<a href=\"https:\/\/sklepnazaliczeniedopananowickiego.pl\/?product=staltech-glebosz-belkowy-30-m-4-lapy\" class=\"wc-block-grid__product-link\">\n\t\t\t\t\t\n\t\t\t\t\t<div class=\"wc-block-grid__product-image\"><img loading=\"lazy\" decoding=\"async\" width=\"300\" height=\"300\" src=\"https:\/\/sklepnazaliczeniedopananowickiego.pl\/wp-content\/uploads\/2026\/04\/Zrzut-ekranu-2026-04-21-004842-300x300.png\" class=\"attachment-woocommerce_thumbnail size-woocommerce_thumbnail\" alt=\"Staltech g\u0142\u0119bosz BELKOWY 3,0 m \/ 4 \u0142apy\" srcset=\"https:\/\/sklepnazaliczeniedopananowickiego.pl\/wp-content\/uploads\/2026\/04\/Zrzut-ekranu-2026-04-21-004842-300x300.png 300w, https:\/\/sklepnazaliczeniedopananowickiego.pl\/wp-content\/uploads\/2026\/04\/Zrzut-ekranu-2026-04-21-004842-150x150.png 150w, https:\/\/sklepnazaliczeniedopananowickiego.pl\/wp-content\/uploads\/2026\/04\/Zrzut-ekranu-2026-04-21-004842-100x100.png 100w\" sizes=\"auto, (max-width: 300px) 100vw, 300px\" \/><\/div>\n\t\t\t\t\t<div class=\"wc-block-grid__product-title\">Staltech g\u0142\u0119bosz BELKOWY 3,0 m \/ 4 \u0142apy<\/div>\n\t\t\t\t<\/a>\n\t\t\t\t<div class=\"wc-block-grid__product-price price\"><span class=\"woocommerce-Price-amount amount\">36 999,00&nbsp;<span class=\"woocommerce-Price-currencySymbol\">&#122;&#322;<\/span><\/span><\/div>\n\t\t\t\t\n\t\t\t\t<div class=\"wp-block-button wc-block-grid__product-add-to-cart\"><a href=\"\/index.php?rest_route=%2Fwp%2Fv2%2Fpages%2F6&#038;add-to-cart=95\" aria-label=\"Dodaj do koszyka: &bdquo;Staltech g\u0142\u0119bosz BELKOWY 3,0 m \/ 4 \u0142apy&rdquo;\" data-quantity=\"1\" data-product_id=\"95\" data-product_sku=\"\" data-price=\"36999\" rel=\"nofollow\" class=\"wp-block-button__link  add_to_cart_button ajax_add_to_cart\">Dodaj do koszyka<\/a><\/div>\n\t\t\t<\/li><li class=\"wc-block-grid__product\">\n\t\t\t\t<a href=\"https:\/\/sklepnazaliczeniedopananowickiego.pl\/?product=pasza-tresciwa-de-heus-18-bialka-25-kg\" class=\"wc-block-grid__product-link\">\n\t\t\t\t\t\n\t\t\t\t\t<div class=\"wc-block-grid__product-image\"><img loading=\"lazy\" decoding=\"async\" width=\"300\" height=\"300\" src=\"https:\/\/sklepnazaliczeniedopananowickiego.pl\/wp-content\/uploads\/2026\/04\/Zrzut-ekranu-2026-04-21-004209-300x300.png\" class=\"attachment-woocommerce_thumbnail size-woocommerce_thumbnail\" alt=\"Pasza tre\u015bciwa De Heus 18% bia\u0142ka 25 kg\" srcset=\"https:\/\/sklepnazaliczeniedopananowickiego.pl\/wp-content\/uploads\/2026\/04\/Zrzut-ekranu-2026-04-21-004209-300x300.png 300w, https:\/\/sklepnazaliczeniedopananowickiego.pl\/wp-content\/uploads\/2026\/04\/Zrzut-ekranu-2026-04-21-004209-150x150.png 150w, https:\/\/sklepnazaliczeniedopananowickiego.pl\/wp-content\/uploads\/2026\/04\/Zrzut-ekranu-2026-04-21-004209-100x100.png 100w\" sizes=\"auto, (max-width: 300px) 100vw, 300px\" \/><\/div>\n\t\t\t\t\t<div class=\"wc-block-grid__product-title\">Pasza tre\u015bciwa De Heus 18% bia\u0142ka 25 kg<\/div>\n\t\t\t\t<\/a>\n\t\t\t\t<div class=\"wc-block-grid__product-price price\"><\/div>\n\t\t\t\t\n\t\t\t\t<div class=\"wp-block-button wc-block-grid__product-add-to-cart\"><a href=\"https:\/\/sklepnazaliczeniedopananowickiego.pl\/?product=pasza-tresciwa-de-heus-18-bialka-25-kg\" aria-label=\"Przeczytaj wi\u0119cej o &bdquo;Pasza tre\u015bciwa De Heus 18% bia\u0142ka 25 kg&rdquo;\" data-quantity=\"1\" data-product_id=\"93\" data-product_sku=\"\" data-price=\"0\" rel=\"nofollow\" class=\"wp-block-button__link  add_to_cart_button\">Dowiedz si\u0119 wi\u0119cej<\/a><\/div>\n\t\t\t<\/li><\/ul><\/div><\/div>\n<\/div>\n","protected":false},"excerpt":{"rendered":"","protected":false},"author":1,"featured_media":0,"parent":0,"menu_order":0,"comment_status":"closed","ping_status":"closed","template":"","meta":{"site-sidebar-layout":"default","site-content-layout":"","ast-site-content-layout":"default","site-content-style":"default","site-sidebar-style":"default","ast-global-header-display":"","ast-banner-title-visibility":"","ast-main-header-display":"","ast-hfb-above-header-display":"","ast-hfb-below-header-display":"","ast-hfb-mobile-header-display":"","site-post-title":"","ast-breadcrumbs-content":"","ast-featured-img":"","footer-sml-layout":"","ast-disable-related-posts":"","theme-transparent-header-meta":"","adv-header-id-meta":"","stick-header-meta":"","header-above-stick-meta":"","header-main-stick-meta":"","header-below-stick-meta":"","astra-migrate-meta-layouts":"default","ast-page-background-enabled":"default","ast-page-background-meta":{"desktop":{"background-color":"var(--ast-global-color-5)","background-image":"","background-repeat":"repeat","background-position":"center center","background-size":"auto","background-attachment":"scroll","background-type":"","background-media":"","overlay-type":"","overlay-color":"","overlay-opacity":"","overlay-gradient":""},"tablet":{"background-color":"","background-image":"","background-repeat":"repeat","background-position":"center center","background-size":"auto","background-attachment":"scroll","background-type":"","background-media":"","overlay-type":"","overlay-color":"","overlay-opacity":"","overlay-gradient":""},"mobile":{"background-color":"","background-image":"","background-repeat":"repeat","background-position":"center center","background-size":"auto","background-attachment":"scroll","background-type":"","background-media":"","overlay-type":"","overlay-color":"","overlay-opacity":"","overlay-gradient":""}},"ast-content-background-meta":{"desktop":{"background-color":"var(--ast-global-color-4)","background-image":"","background-repeat":"repeat","background-position":"center center","background-size":"auto","background-attachment":"scroll","background-type":"","background-media":"","overlay-type":"","overlay-color":"","overlay-opacity":"","overlay-gradient":""},"tablet":{"background-color":"var(--ast-global-color-4)","background-image":"","background-repeat":"repeat","background-position":"center center","background-size":"auto","background-attachment":"scroll","background-type":"","background-media":"","overlay-type":"","overlay-color":"","overlay-opacity":"","overlay-gradient":""},"mobile":{"background-color":"var(--ast-global-color-4)","background-image":"","background-repeat":"repeat","background-position":"center center","background-size":"auto","background-attachment":"scroll","background-type":"","background-media":"","overlay-type":"","overlay-color":"","overlay-opacity":"","overlay-gradient":""}},"footnotes":""},"class_list":["post-6","page","type-page","status-publish","hentry"],"jetpack_sharing_enabled":true,"_links":{"self":[{"href":"https:\/\/sklepnazaliczeniedopananowickiego.pl\/index.php?rest_route=\/wp\/v2\/pages\/6","targetHints":{"allow":["GET"]}}],"collection":[{"href":"https:\/\/sklepnazaliczeniedopananowickiego.pl\/index.php?rest_route=\/wp\/v2\/pages"}],"about":[{"href":"https:\/\/sklepnazaliczeniedopananowickiego.pl\/index.php?rest_route=\/wp\/v2\/types\/page"}],"author":[{"embeddable":true,"href":"https:\/\/sklepnazaliczeniedopananowickiego.pl\/index.php?rest_route=\/wp\/v2\/users\/1"}],"replies":[{"embeddable":true,"href":"https:\/\/sklepnazaliczeniedopananowickiego.pl\/index.php?rest_route=%2Fwp%2Fv2%2Fcomments&post=6"}],"version-history":[{"count":2,"href":"https:\/\/sklepnazaliczeniedopananowickiego.pl\/index.php?rest_route=\/wp\/v2\/pages\/6\/revisions"}],"predecessor-version":[{"id":52,"href":"https:\/\/sklepnazaliczeniedopananowickiego.pl\/index.php?rest_route=\/wp\/v2\/pages\/6\/revisions\/52"}],"wp:attachment":[{"href":"https:\/\/sklepnazaliczeniedopananowickiego.pl\/index.php?rest_route=%2Fwp%2Fv2%2Fmedia&parent=6"}],"curies":[{"name":"wp","href":"https:\/\/api.w.org\/{rel}","templated":true}]}}