{"id":103,"date":"2026-04-21T01:07:44","date_gmt":"2026-04-20T23:07:44","guid":{"rendered":"http:\/\/sklepnazaliczeniedopananowickiego.pl\/?post_type=product&#038;p=103"},"modified":"2026-04-21T02:37:39","modified_gmt":"2026-04-21T00:37:39","slug":"nawoz-granulowany-polifoska-6-grupa-azoty-big-bag-500-kg","status":"publish","type":"product","link":"https:\/\/sklepnazaliczeniedopananowickiego.pl\/?product=nawoz-granulowany-polifoska-6-grupa-azoty-big-bag-500-kg","title":{"rendered":"Naw\u00f3z granulowany Polifoska 6 Grupa Azoty &#8211; Big Bag 500 kg"},"content":{"rendered":"<h3><strong>Sk\u0142ad:<\/strong><\/h3>\n<ul>\n<li><strong>6% &#8211; azot<\/strong>\u00a0(N)\n<ul>\n<li>ca\u0142kowity w\u00a0formie amonowej<\/li>\n<\/ul>\n<\/li>\n<li><strong>20% &#8211; Pi\u0119ciotlenek fosforu<\/strong>\u00a0(P<sub>2<\/sub>O<sub>5<\/sub>)\n<ul>\n<li>rozpuszczalny w wodzie: 18%<\/li>\n<li>rozpuszczalny w oboj\u0119tnym roztworze cytrynianu amonu i wodzie: 20%<\/li>\n<\/ul>\n<\/li>\n<li><strong>30%\u00a0&#8211; Tlenek potasu<\/strong>\u00a0(K<sub>2<\/sub>O)\n<ul>\n<li>\u200brozpuszczalny w\u00a0wodzie<\/li>\n<\/ul>\n<\/li>\n<li><strong>7% &#8211; Tr\u00f3jtlenek siarki<\/strong>\u00a0(SO<sub>3<\/sub>)\u00a0w\u00a0formie siarczanu\n<ul>\n<li>\u200brozpuszczalny w\u00a0wodzie<\/li>\n<\/ul>\n<\/li>\n<\/ul>\n<h3><strong>Cechy\u00a0nawozu:<\/strong><\/h3>\n<ul>\n<li>G\u0119sto\u015b\u0107 nasypowa:\u00a0<strong>0,93-1,03 kg\/dm3<\/strong><\/li>\n<li>Klasa ziarnowa:\u00a0<strong>2\u20115\u00a0mm, co\u00a0najmniej\u00a092%<\/strong><\/li>\n<\/ul>\n<p>&nbsp;<\/p>\n","protected":false},"excerpt":{"rendered":"<p>Naw\u00f3z\u00a0<strong>NPK z siark\u0105\u00a0<\/strong>przeznaczony do stosowania przedsiewnego, z mo\u017cliwo\u015bci\u0105 aplikacji pog\u0142\u00f3wnej wczesn\u0105 wiosn\u0105 na ro\u015bliny ozime.<br \/>\nPreparat ma form\u0119 r\u00f3wnomiernych, powlekanych granulek w odcieniach od jasnoszarego po ciemnoszary lub jasnor\u00f3\u017cowy. Produkt firmy Grupa Azoty jest szczeg\u00f3lnie rekomendowany\u00a0<strong>do stosowania na glebach ubogich w potas<\/strong>, przy ograniczonym nawo\u017ceniu organicznym, a tak\u017ce<strong>\u00a0pod ro\u015bliny potasolubne<\/strong>\u00a0oraz zbo\u017ca, z kt\u00f3rych zbierana jest s\u0142oma.<\/p>\n<h2><\/h2>\n","protected":false},"featured_media":104,"comment_status":"open","ping_status":"closed","template":"","meta":{"site-sidebar-layout":"default","site-content-layout":"","ast-site-content-layout":"default","site-content-style":"default","site-sidebar-style":"default","ast-global-header-display":"","ast-banner-title-visibility":"","ast-main-header-display":"","ast-hfb-above-header-display":"","ast-hfb-below-header-display":"","ast-hfb-mobile-header-display":"","site-post-title":"","ast-breadcrumbs-content":"","ast-featured-img":"","footer-sml-layout":"","ast-disable-related-posts":"","theme-transparent-header-meta":"default","adv-header-id-meta":"","stick-header-meta":"","header-above-stick-meta":"","header-main-stick-meta":"","header-below-stick-meta":"","astra-migrate-meta-layouts":"set","ast-page-background-enabled":"default","ast-page-background-meta":{"desktop":{"background-color":"var(--ast-global-color-5)","background-image":"","background-repeat":"repeat","background-position":"center center","background-size":"auto","background-attachment":"scroll","background-type":"","background-media":"","overlay-type":"","overlay-color":"","overlay-opacity":"","overlay-gradient":""},"tablet":{"background-color":"","background-image":"","background-repeat":"repeat","background-position":"center center","background-size":"auto","background-attachment":"scroll","background-type":"","background-media":"","overlay-type":"","overlay-color":"","overlay-opacity":"","overlay-gradient":""},"mobile":{"background-color":"","background-image":"","background-repeat":"repeat","background-position":"center center","background-size":"auto","background-attachment":"scroll","background-type":"","background-media":"","overlay-type":"","overlay-color":"","overlay-opacity":"","overlay-gradient":""}},"ast-content-background-meta":{"desktop":{"background-color":"var(--ast-global-color-4)","background-image":"","background-repeat":"repeat","background-position":"center center","background-size":"auto","background-attachment":"scroll","background-type":"","background-media":"","overlay-type":"","overlay-color":"","overlay-opacity":"","overlay-gradient":""},"tablet":{"background-color":"var(--ast-global-color-4)","background-image":"","background-repeat":"repeat","background-position":"center center","background-size":"auto","background-attachment":"scroll","background-type":"","background-media":"","overlay-type":"","overlay-color":"","overlay-opacity":"","overlay-gradient":""},"mobile":{"background-color":"var(--ast-global-color-4)","background-image":"","background-repeat":"repeat","background-position":"center center","background-size":"auto","background-attachment":"scroll","background-type":"","background-media":"","overlay-type":"","overlay-color":"","overlay-opacity":"","overlay-gradient":""}}},"product_brand":[],"product_cat":[27],"product_tag":[],"class_list":{"0":"post-103","1":"product","2":"type-product","3":"status-publish","4":"has-post-thumbnail","6":"product_cat-nawozy","7":"desktop-align-left","8":"tablet-align-left","9":"mobile-align-left","11":"first","12":"instock","13":"shipping-taxable","14":"purchasable","15":"product-type-simple"},"jetpack_sharing_enabled":true,"_links":{"self":[{"href":"https:\/\/sklepnazaliczeniedopananowickiego.pl\/index.php?rest_route=\/wp\/v2\/product\/103","targetHints":{"allow":["GET"]}}],"collection":[{"href":"https:\/\/sklepnazaliczeniedopananowickiego.pl\/index.php?rest_route=\/wp\/v2\/product"}],"about":[{"href":"https:\/\/sklepnazaliczeniedopananowickiego.pl\/index.php?rest_route=\/wp\/v2\/types\/product"}],"replies":[{"embeddable":true,"href":"https:\/\/sklepnazaliczeniedopananowickiego.pl\/index.php?rest_route=%2Fwp%2Fv2%2Fcomments&post=103"}],"wp:featuredmedia":[{"embeddable":true,"href":"https:\/\/sklepnazaliczeniedopananowickiego.pl\/index.php?rest_route=\/wp\/v2\/media\/104"}],"wp:attachment":[{"href":"https:\/\/sklepnazaliczeniedopananowickiego.pl\/index.php?rest_route=%2Fwp%2Fv2%2Fmedia&parent=103"}],"wp:term":[{"taxonomy":"product_brand","embeddable":true,"href":"https:\/\/sklepnazaliczeniedopananowickiego.pl\/index.php?rest_route=%2Fwp%2Fv2%2Fproduct_brand&post=103"},{"taxonomy":"product_cat","embeddable":true,"href":"https:\/\/sklepnazaliczeniedopananowickiego.pl\/index.php?rest_route=%2Fwp%2Fv2%2Fproduct_cat&post=103"},{"taxonomy":"product_tag","embeddable":true,"href":"https:\/\/sklepnazaliczeniedopananowickiego.pl\/index.php?rest_route=%2Fwp%2Fv2%2Fproduct_tag&post=103"}],"curies":[{"name":"wp","href":"https:\/\/api.w.org\/{rel}","templated":true}]}}