{"id":30,"date":"2026-04-20T20:11:16","date_gmt":"2026-04-20T18:11:16","guid":{"rendered":"http:\/\/sklepnazaliczeniedopananowickiego.pl\/?post_type=product&#038;p=30"},"modified":"2026-04-21T09:52:37","modified_gmt":"2026-04-21T07:52:37","slug":"john-deere-5100m","status":"publish","type":"product","link":"https:\/\/sklepnazaliczeniedopananowickiego.pl\/?product=john-deere-5100m","title":{"rendered":"John Deere 5100M"},"content":{"rendered":"<p data-start=\"824\" data-end=\"835\"><strong data-start=\"824\" data-end=\"835\">Silnik:<\/strong><\/p>\n<ul data-start=\"836\" data-end=\"1075\">\n<li data-section-id=\"y085a2\" data-start=\"836\" data-end=\"869\">Typ: wysokopr\u0119\u017cny, 4-cylindrowy<\/li>\n<li data-section-id=\"1k39fqr\" data-start=\"870\" data-end=\"890\">Pojemno\u015b\u0107: 4,5 l<\/li>\n<li data-section-id=\"13l861a\" data-start=\"891\" data-end=\"963\">Moc znamionowa: 100 KM (74 kW)<\/li>\n<li data-section-id=\"1v6ett8\" data-start=\"964\" data-end=\"996\">Turbospr\u0119\u017carka + intercooler<\/li>\n<li data-section-id=\"1yu4v6s\" data-start=\"997\" data-end=\"1075\">Wysoki moment obrotowy (ok. 430+ Nm)<\/li>\n<\/ul>\n<hr data-start=\"1077\" data-end=\"1080\" \/>\n<p data-start=\"1082\" data-end=\"1102\"><strong data-start=\"1082\" data-end=\"1102\">Skrzynia bieg\u00f3w:<\/strong><\/p>\n<ul data-start=\"1103\" data-end=\"1234\">\n<li data-section-id=\"fzws9c\" data-start=\"1103\" data-end=\"1168\">Typ: PowrReverser<\/li>\n<li data-section-id=\"1lcztx9\" data-start=\"1169\" data-end=\"1203\">Liczba bieg\u00f3w: 16&#215;16 lub 32&#215;16<\/li>\n<li data-section-id=\"1yzo90a\" data-start=\"1204\" data-end=\"1234\">Rewers elektrohydrauliczny<\/li>\n<\/ul>\n<hr data-start=\"1236\" data-end=\"1239\" \/>\n<p data-start=\"1241\" data-end=\"1251\"><strong data-start=\"1241\" data-end=\"1251\">Nap\u0119d:<\/strong><\/p>\n<ul data-start=\"1252\" data-end=\"1361\">\n<li data-section-id=\"1wia221\" data-start=\"1252\" data-end=\"1266\">4&#215;4 (MFWD)<\/li>\n<li data-section-id=\"1obn3nj\" data-start=\"1267\" data-end=\"1361\">Blokada mechanizmu r\u00f3\u017cnicowego (elektrohydrauliczna)<\/li>\n<\/ul>\n<hr data-start=\"1363\" data-end=\"1366\" \/>\n<p data-start=\"1368\" data-end=\"1391\"><strong data-start=\"1368\" data-end=\"1391\">Uk\u0142ad hydrauliczny:<\/strong><\/p>\n<ul data-start=\"1392\" data-end=\"1542\">\n<li data-section-id=\"1niojql\" data-start=\"1392\" data-end=\"1466\">Wydajno\u015b\u0107 pompy: do ok. 94 l\/min<\/li>\n<li data-section-id=\"tfeq5n\" data-start=\"1467\" data-end=\"1500\">2\u20133 pary wyj\u015b\u0107 hydraulicznych<\/li>\n<li data-section-id=\"1lojdfk\" data-start=\"1501\" data-end=\"1542\">Mo\u017cliwo\u015b\u0107 monta\u017cu \u0142adowacza czo\u0142owego<\/li>\n<\/ul>\n<hr data-start=\"1544\" data-end=\"1547\" \/>\n<p data-start=\"1549\" data-end=\"1575\"><strong data-start=\"1549\" data-end=\"1575\">TUZ (tylny podno\u015bnik):<\/strong><\/p>\n<ul data-start=\"1576\" data-end=\"1705\">\n<li data-section-id=\"18sl0j1\" data-start=\"1576\" data-end=\"1642\">Ud\u017awig: ok. 3600\u20134400 kg<\/li>\n<li data-section-id=\"1k1366z\" data-start=\"1643\" data-end=\"1660\">Kategoria: II<\/li>\n<li data-section-id=\"1jaw990\" data-start=\"1661\" data-end=\"1705\">Sterowanie mechaniczne<\/li>\n<\/ul>\n<hr data-start=\"1707\" data-end=\"1710\" \/>\n<p data-start=\"1712\" data-end=\"1739\"><strong data-start=\"1712\" data-end=\"1739\">WOM (wa\u0142 odbioru mocy):<\/strong><\/p>\n<ul data-start=\"1740\" data-end=\"1800\">\n<li data-section-id=\"mx3caw\" data-start=\"1740\" data-end=\"1781\">Pr\u0119dko\u015bci: 540 \/ 540E \/ 1000 obr.\/min<\/li>\n<li data-section-id=\"gzsahy\" data-start=\"1782\" data-end=\"1800\">WOM niezale\u017cny<\/li>\n<\/ul>\n<hr data-start=\"1802\" data-end=\"1805\" \/>\n<p><strong style=\"font-size: 16px;\" data-start=\"1998\" data-end=\"2017\">Wymiary i masa:<\/strong><\/p>\n<ul data-start=\"2018\" data-end=\"2181\">\n<li data-section-id=\"1x9sla1\" data-start=\"2018\" data-end=\"2083\">Rozstaw osi: ok. 230 cm<\/li>\n<li data-section-id=\"1w9ryak\" data-start=\"2084\" data-end=\"2112\">Masa: ok. 4 000\u20134 500 kg<\/li>\n<li data-section-id=\"83kvoa\" data-start=\"2113\" data-end=\"2181\">Zbiornik paliwa: ok. 177 l<\/li>\n<\/ul>\n<hr data-start=\"2183\" data-end=\"2186\" \/>\n<h2 data-section-id=\"32kv0c\" data-start=\"2188\" data-end=\"2206\"><\/h2>\n","protected":false},"excerpt":{"rendered":"<p data-start=\"305\" data-end=\"617\"><strong data-start=\"305\" data-end=\"352\"><span class=\"hover:entity-accent entity-underline inline cursor-pointer align-baseline\"><span class=\"whitespace-normal\">John Deere<\/span><\/span> 5100M<\/strong> to nowoczesny ci\u0105gnik rolniczy o mocy 100 KM, nale\u017c\u0105cy do popularnej serii 5M, kt\u00f3ra jest <strong data-start=\"443\" data-end=\"476\">nadal rozwijana i produkowana<\/strong>. Model ten zosta\u0142 zaprojektowany z my\u015bl\u0105 o uniwersalnym zastosowaniu \u2013 od prac polowych, przez transport, a\u017c po obs\u0142ug\u0119 \u0142adowacza czo\u0142owego.<\/p>\n<p data-start=\"619\" data-end=\"786\">Ci\u0105gnik wyr\u00f3\u017cnia si\u0119 solidnym silnikiem, du\u017c\u0105 wydajno\u015bci\u0105 hydrauliki oraz wysok\u0105 trwa\u0142o\u015bci\u0105, co czyni go jednym z najcz\u0119\u015bciej wybieranych modeli w segmencie 75\u2013115 KM.<\/p>\n","protected":false},"featured_media":31,"comment_status":"open","ping_status":"closed","template":"","meta":{"site-sidebar-layout":"default","site-content-layout":"","ast-site-content-layout":"default","site-content-style":"default","site-sidebar-style":"default","ast-global-header-display":"","ast-banner-title-visibility":"","ast-main-header-display":"","ast-hfb-above-header-display":"","ast-hfb-below-header-display":"","ast-hfb-mobile-header-display":"","site-post-title":"","ast-breadcrumbs-content":"","ast-featured-img":"","footer-sml-layout":"","ast-disable-related-posts":"","theme-transparent-header-meta":"default","adv-header-id-meta":"","stick-header-meta":"","header-above-stick-meta":"","header-main-stick-meta":"","header-below-stick-meta":"","astra-migrate-meta-layouts":"set","ast-page-background-enabled":"default","ast-page-background-meta":{"desktop":{"background-color":"var(--ast-global-color-5)","background-image":"","background-repeat":"repeat","background-position":"center center","background-size":"auto","background-attachment":"scroll","background-type":"","background-media":"","overlay-type":"","overlay-color":"","overlay-opacity":"","overlay-gradient":""},"tablet":{"background-color":"","background-image":"","background-repeat":"repeat","background-position":"center center","background-size":"auto","background-attachment":"scroll","background-type":"","background-media":"","overlay-type":"","overlay-color":"","overlay-opacity":"","overlay-gradient":""},"mobile":{"background-color":"","background-image":"","background-repeat":"repeat","background-position":"center center","background-size":"auto","background-attachment":"scroll","background-type":"","background-media":"","overlay-type":"","overlay-color":"","overlay-opacity":"","overlay-gradient":""}},"ast-content-background-meta":{"desktop":{"background-color":"var(--ast-global-color-4)","background-image":"","background-repeat":"repeat","background-position":"center center","background-size":"auto","background-attachment":"scroll","background-type":"","background-media":"","overlay-type":"","overlay-color":"","overlay-opacity":"","overlay-gradient":""},"tablet":{"background-color":"var(--ast-global-color-4)","background-image":"","background-repeat":"repeat","background-position":"center center","background-size":"auto","background-attachment":"scroll","background-type":"","background-media":"","overlay-type":"","overlay-color":"","overlay-opacity":"","overlay-gradient":""},"mobile":{"background-color":"var(--ast-global-color-4)","background-image":"","background-repeat":"repeat","background-position":"center center","background-size":"auto","background-attachment":"scroll","background-type":"","background-media":"","overlay-type":"","overlay-color":"","overlay-opacity":"","overlay-gradient":""}}},"product_brand":[],"product_cat":[19],"product_tag":[],"class_list":{"0":"post-30","1":"product","2":"type-product","3":"status-publish","4":"has-post-thumbnail","6":"product_cat-100km","7":"desktop-align-left","8":"tablet-align-left","9":"mobile-align-left","11":"first","12":"instock","13":"shipping-taxable","14":"purchasable","15":"product-type-simple"},"jetpack_sharing_enabled":true,"_links":{"self":[{"href":"https:\/\/sklepnazaliczeniedopananowickiego.pl\/index.php?rest_route=\/wp\/v2\/product\/30","targetHints":{"allow":["GET"]}}],"collection":[{"href":"https:\/\/sklepnazaliczeniedopananowickiego.pl\/index.php?rest_route=\/wp\/v2\/product"}],"about":[{"href":"https:\/\/sklepnazaliczeniedopananowickiego.pl\/index.php?rest_route=\/wp\/v2\/types\/product"}],"replies":[{"embeddable":true,"href":"https:\/\/sklepnazaliczeniedopananowickiego.pl\/index.php?rest_route=%2Fwp%2Fv2%2Fcomments&post=30"}],"wp:featuredmedia":[{"embeddable":true,"href":"https:\/\/sklepnazaliczeniedopananowickiego.pl\/index.php?rest_route=\/wp\/v2\/media\/31"}],"wp:attachment":[{"href":"https:\/\/sklepnazaliczeniedopananowickiego.pl\/index.php?rest_route=%2Fwp%2Fv2%2Fmedia&parent=30"}],"wp:term":[{"taxonomy":"product_brand","embeddable":true,"href":"https:\/\/sklepnazaliczeniedopananowickiego.pl\/index.php?rest_route=%2Fwp%2Fv2%2Fproduct_brand&post=30"},{"taxonomy":"product_cat","embeddable":true,"href":"https:\/\/sklepnazaliczeniedopananowickiego.pl\/index.php?rest_route=%2Fwp%2Fv2%2Fproduct_cat&post=30"},{"taxonomy":"product_tag","embeddable":true,"href":"https:\/\/sklepnazaliczeniedopananowickiego.pl\/index.php?rest_route=%2Fwp%2Fv2%2Fproduct_tag&post=30"}],"curies":[{"name":"wp","href":"https:\/\/api.w.org\/{rel}","templated":true}]}}