{"id":39,"date":"2026-04-20T21:10:00","date_gmt":"2026-04-20T19:10:00","guid":{"rendered":"http:\/\/sklepnazaliczeniedopananowickiego.pl\/?post_type=product&#038;p=39"},"modified":"2026-04-20T22:59:38","modified_gmt":"2026-04-20T20:59:38","slug":"case-ih-farmall-100a","status":"publish","type":"product","link":"https:\/\/sklepnazaliczeniedopananowickiego.pl\/?product=case-ih-farmall-100a","title":{"rendered":"Case IH Farmall 100A"},"content":{"rendered":"<h2 data-section-id=\"1kijd49\" data-start=\"867\" data-end=\"896\">\u2699\ufe0f Specyfikacja techniczna<\/h2>\n<p data-start=\"898\" data-end=\"909\"><strong data-start=\"898\" data-end=\"909\">Silnik:<\/strong><\/p>\n<ul data-start=\"910\" data-end=\"1075\">\n<li data-section-id=\"y085a2\" data-start=\"910\" data-end=\"943\">Typ: wysokopr\u0119\u017cny, 4-cylindrowy<\/li>\n<li data-section-id=\"e4x90w\" data-start=\"944\" data-end=\"995\">Pojemno\u015b\u0107: ok. 4,5l<\/li>\n<li data-section-id=\"106mosm\" data-start=\"996\" data-end=\"1020\">Moc maksymalna: 100 KM<\/li>\n<li data-section-id=\"r4l5im\" data-start=\"1021\" data-end=\"1044\">Norma emisji: Stage V<\/li>\n<li data-section-id=\"14rgbjg\" data-start=\"1045\" data-end=\"1075\">Turbospr\u0119\u017carka + intercooler<\/li>\n<\/ul>\n<p data-start=\"1077\" data-end=\"1097\"><strong data-start=\"1077\" data-end=\"1097\">Skrzynia bieg\u00f3w:<\/strong><\/p>\n<ul data-start=\"1098\" data-end=\"1229\">\n<li data-section-id=\"vzh116\" data-start=\"1098\" data-end=\"1150\">Typ:\u00a0 powershift<\/li>\n<li data-section-id=\"g2y3q3\" data-start=\"1151\" data-end=\"1183\">Liczba bieg\u00f3w: 12&#215;12<\/li>\n<li data-section-id=\"k5otn4\" data-start=\"1184\" data-end=\"1229\">Rewers:\u00a0 elektrohydrauliczny<\/li>\n<\/ul>\n<p data-start=\"1231\" data-end=\"1241\"><strong data-start=\"1231\" data-end=\"1241\">Nap\u0119d:<\/strong><\/p>\n<ul data-start=\"1242\" data-end=\"1310\">\n<li data-section-id=\"7x7jpz\" data-start=\"1242\" data-end=\"1277\">4&#215;4 (przedni nap\u0119d w standardzie)<\/li>\n<li data-section-id=\"ro5vt9\" data-start=\"1278\" data-end=\"1310\">Blokada mechanizmu r\u00f3\u017cnicowego<\/li>\n<\/ul>\n<p data-start=\"1312\" data-end=\"1335\"><strong data-start=\"1312\" data-end=\"1335\">Uk\u0142ad hydrauliczny:<\/strong><\/p>\n<ul data-start=\"1336\" data-end=\"1454\">\n<li data-section-id=\"1pxr71n\" data-start=\"1336\" data-end=\"1370\">Wydajno\u015b\u0107 pompy: ok. 60\u201380 l\/min<\/li>\n<li data-section-id=\"s1x7ke\" data-start=\"1371\" data-end=\"1410\">Liczba wyj\u015b\u0107 hydraulicznych: 2\u20133 pary<\/li>\n<li data-section-id=\"1h7xia6\" data-start=\"1411\" data-end=\"1454\">Sterowanie: mechaniczne lub elektroniczne<\/li>\n<\/ul>\n<p data-start=\"1456\" data-end=\"1482\"><strong data-start=\"1456\" data-end=\"1482\">TUZ (tylny podno\u015bnik):<\/strong><\/p>\n<ul data-start=\"1483\" data-end=\"1543\">\n<li data-section-id=\"nzsh5g\" data-start=\"1483\" data-end=\"1511\">Ud\u017awig: ok. 4 400\u20135 400 kg<\/li>\n<li data-section-id=\"1a9mlzy\" data-start=\"1512\" data-end=\"1543\">Sterowanie: mechaniczne<\/li>\n<\/ul>\n<p data-start=\"1545\" data-end=\"1572\"><strong data-start=\"1545\" data-end=\"1572\">WOM (wa\u0142 odbioru mocy):<\/strong><\/p>\n<ul data-start=\"1573\" data-end=\"1646\">\n<li data-section-id=\"1y7cemg\" data-start=\"1573\" data-end=\"1612\">Pr\u0119dko\u015bci: 540 \/ 540E \/ 1000 obr.\/min<\/li>\n<li data-section-id=\"ezw8e6\" data-start=\"1613\" data-end=\"1646\">Za\u0142\u0105czanie: elektrohydrauliczne<\/li>\n<\/ul>\n<p data-start=\"1780\" data-end=\"1799\"><strong data-start=\"1780\" data-end=\"1799\">Wymiary i masa:<\/strong><\/p>\n<ul data-start=\"1800\" data-end=\"1862\">\n<li data-section-id=\"hgqjsr\" data-start=\"1800\" data-end=\"1833\">Masa w\u0142asna: ok. 3 800\u20134 500 kg<\/li>\n<li data-section-id=\"4rudj7\" data-start=\"1834\" data-end=\"1862\">Rozstaw osi: ok. 2,3\u20132,5 m<\/li>\n<\/ul>\n","protected":false},"excerpt":{"rendered":"<p data-start=\"399\" data-end=\"708\"><strong data-start=\"399\" data-end=\"440\"><span class=\"hover:entity-accent entity-underline inline cursor-pointer align-baseline\"><span class=\"whitespace-normal\">Case IH Farmall 100A<\/span><\/span><\/strong> to wszechstronny ci\u0105gnik rolniczy o mocy 100 KM, zaprojektowany z my\u015bl\u0105 o gospodarstwach potrzebuj\u0105cych niezawodnej maszyny do prac polowych, transportowych oraz obs\u0142ugi sprz\u0119tu rolniczego. \u0141\u0105czy prost\u0105 konstrukcj\u0119, niskie koszty eksploatacji i wysok\u0105 funkcjonalno\u015b\u0107.<\/p>\n<p data-start=\"710\" data-end=\"860\">Dzi\u0119ki solidnemu silnikowi, wydajnej hydraulice i komfortowej kabinie, model ten sprawdza si\u0119 zar\u00f3wno w ma\u0142ych, jak i \u015brednich gospodarstwach rolnych.<\/p>\n","protected":false},"featured_media":53,"comment_status":"open","ping_status":"closed","template":"","meta":{"site-sidebar-layout":"default","site-content-layout":"","ast-site-content-layout":"default","site-content-style":"default","site-sidebar-style":"default","ast-global-header-display":"","ast-banner-title-visibility":"","ast-main-header-display":"","ast-hfb-above-header-display":"","ast-hfb-below-header-display":"","ast-hfb-mobile-header-display":"","site-post-title":"","ast-breadcrumbs-content":"","ast-featured-img":"","footer-sml-layout":"","ast-disable-related-posts":"","theme-transparent-header-meta":"default","adv-header-id-meta":"","stick-header-meta":"","header-above-stick-meta":"","header-main-stick-meta":"","header-below-stick-meta":"","astra-migrate-meta-layouts":"set","ast-page-background-enabled":"default","ast-page-background-meta":{"desktop":{"background-color":"var(--ast-global-color-5)","background-image":"","background-repeat":"repeat","background-position":"center center","background-size":"auto","background-attachment":"scroll","background-type":"","background-media":"","overlay-type":"","overlay-color":"","overlay-opacity":"","overlay-gradient":""},"tablet":{"background-color":"","background-image":"","background-repeat":"repeat","background-position":"center center","background-size":"auto","background-attachment":"scroll","background-type":"","background-media":"","overlay-type":"","overlay-color":"","overlay-opacity":"","overlay-gradient":""},"mobile":{"background-color":"","background-image":"","background-repeat":"repeat","background-position":"center center","background-size":"auto","background-attachment":"scroll","background-type":"","background-media":"","overlay-type":"","overlay-color":"","overlay-opacity":"","overlay-gradient":""}},"ast-content-background-meta":{"desktop":{"background-color":"var(--ast-global-color-4)","background-image":"","background-repeat":"repeat","background-position":"center center","background-size":"auto","background-attachment":"scroll","background-type":"","background-media":"","overlay-type":"","overlay-color":"","overlay-opacity":"","overlay-gradient":""},"tablet":{"background-color":"var(--ast-global-color-4)","background-image":"","background-repeat":"repeat","background-position":"center center","background-size":"auto","background-attachment":"scroll","background-type":"","background-media":"","overlay-type":"","overlay-color":"","overlay-opacity":"","overlay-gradient":""},"mobile":{"background-color":"var(--ast-global-color-4)","background-image":"","background-repeat":"repeat","background-position":"center center","background-size":"auto","background-attachment":"scroll","background-type":"","background-media":"","overlay-type":"","overlay-color":"","overlay-opacity":"","overlay-gradient":""}}},"product_brand":[],"product_cat":[19],"product_tag":[],"class_list":{"0":"post-39","1":"product","2":"type-product","3":"status-publish","4":"has-post-thumbnail","6":"product_cat-100km","7":"desktop-align-left","8":"tablet-align-left","9":"mobile-align-left","11":"first","12":"instock","13":"shipping-taxable","14":"purchasable","15":"product-type-simple"},"jetpack_sharing_enabled":true,"_links":{"self":[{"href":"https:\/\/sklepnazaliczeniedopananowickiego.pl\/index.php?rest_route=\/wp\/v2\/product\/39","targetHints":{"allow":["GET"]}}],"collection":[{"href":"https:\/\/sklepnazaliczeniedopananowickiego.pl\/index.php?rest_route=\/wp\/v2\/product"}],"about":[{"href":"https:\/\/sklepnazaliczeniedopananowickiego.pl\/index.php?rest_route=\/wp\/v2\/types\/product"}],"replies":[{"embeddable":true,"href":"https:\/\/sklepnazaliczeniedopananowickiego.pl\/index.php?rest_route=%2Fwp%2Fv2%2Fcomments&post=39"}],"wp:featuredmedia":[{"embeddable":true,"href":"https:\/\/sklepnazaliczeniedopananowickiego.pl\/index.php?rest_route=\/wp\/v2\/media\/53"}],"wp:attachment":[{"href":"https:\/\/sklepnazaliczeniedopananowickiego.pl\/index.php?rest_route=%2Fwp%2Fv2%2Fmedia&parent=39"}],"wp:term":[{"taxonomy":"product_brand","embeddable":true,"href":"https:\/\/sklepnazaliczeniedopananowickiego.pl\/index.php?rest_route=%2Fwp%2Fv2%2Fproduct_brand&post=39"},{"taxonomy":"product_cat","embeddable":true,"href":"https:\/\/sklepnazaliczeniedopananowickiego.pl\/index.php?rest_route=%2Fwp%2Fv2%2Fproduct_cat&post=39"},{"taxonomy":"product_tag","embeddable":true,"href":"https:\/\/sklepnazaliczeniedopananowickiego.pl\/index.php?rest_route=%2Fwp%2Fv2%2Fproduct_tag&post=39"}],"curies":[{"name":"wp","href":"https:\/\/api.w.org\/{rel}","templated":true}]}}