{"id":81,"date":"2026-04-21T00:21:23","date_gmt":"2026-04-20T22:21:23","guid":{"rendered":"http:\/\/sklepnazaliczeniedopananowickiego.pl\/?post_type=product&#038;p=81"},"modified":"2026-04-21T00:38:22","modified_gmt":"2026-04-20T22:38:22","slug":"plug-jednoskibowy-zagonowy-z-regulacja-4farmer","status":"publish","type":"product","link":"https:\/\/sklepnazaliczeniedopananowickiego.pl\/?product=plug-jednoskibowy-zagonowy-z-regulacja-4farmer","title":{"rendered":"P\u0142ug jednoskibowy zagonowy z regulacj\u0105 4FARMER"},"content":{"rendered":"<p data-start=\"680\" data-end=\"696\"><strong data-start=\"680\" data-end=\"696\">Typ maszyny:<\/strong><\/p>\n<ul data-start=\"697\" data-end=\"748\">\n<li data-section-id=\"19lm6kc\" data-start=\"697\" data-end=\"729\">P\u0142ug zagonowy (jednostronny)<\/li>\n<li data-section-id=\"y1pitr\" data-start=\"730\" data-end=\"748\">Liczba skib: 1<\/li>\n<\/ul>\n<hr data-start=\"750\" data-end=\"753\" \/>\n<p data-start=\"755\" data-end=\"777\"><strong data-start=\"755\" data-end=\"777\">Uk\u0142ad zawieszenia:<\/strong><\/p>\n<ul data-start=\"778\" data-end=\"852\">\n<li data-section-id=\"129bznd\" data-start=\"778\" data-end=\"852\">TUZ \u2013 zaczep 3-punktowy (kat. I)<\/li>\n<\/ul>\n<hr data-start=\"854\" data-end=\"857\" \/>\n<p data-start=\"859\" data-end=\"881\"><strong data-start=\"859\" data-end=\"881\">Szeroko\u015b\u0107 robocza:<\/strong><\/p>\n<ul data-start=\"882\" data-end=\"934\">\n<li data-section-id=\"h8nyaw\" data-start=\"882\" data-end=\"934\">ok. 250 mm<\/li>\n<\/ul>\n<hr data-start=\"936\" data-end=\"939\" \/>\n<p data-start=\"941\" data-end=\"953\"><strong data-start=\"941\" data-end=\"953\">Wymiary:<\/strong><\/p>\n<ul data-start=\"954\" data-end=\"1066\">\n<li data-section-id=\"1j019l5\" data-start=\"954\" data-end=\"977\">D\u0142ugo\u015b\u0107: ok. 600 mm<\/li>\n<li data-section-id=\"1w1zw2v\" data-start=\"978\" data-end=\"1003\">Szeroko\u015b\u0107: ok. 600 mm<\/li>\n<li data-section-id=\"1w775v5\" data-start=\"1004\" data-end=\"1066\">Wysoko\u015b\u0107: ok. 860 mm<\/li>\n<\/ul>\n<hr data-start=\"1068\" data-end=\"1071\" \/>\n<p data-start=\"1073\" data-end=\"1082\"><strong data-start=\"1073\" data-end=\"1082\">Masa:<\/strong><\/p>\n<ul data-start=\"1083\" data-end=\"1137\">\n<li data-section-id=\"10ejiud\" data-start=\"1083\" data-end=\"1137\">ok. 50\u201355 kg<\/li>\n<\/ul>\n<hr data-start=\"1139\" data-end=\"1142\" \/>\n<p data-start=\"1144\" data-end=\"1165\"><strong data-start=\"1144\" data-end=\"1165\">Elementy robocze:<\/strong><\/p>\n<ul data-start=\"1166\" data-end=\"1231\">\n<li data-section-id=\"1ck31tu\" data-start=\"1166\" data-end=\"1185\">lemiesz stalowy<\/li>\n<li data-section-id=\"1b8cybu\" data-start=\"1186\" data-end=\"1200\">odk\u0142adnica<\/li>\n<li data-section-id=\"1ghf713\" data-start=\"1201\" data-end=\"1212\">s\u0142upica<\/li>\n<li data-section-id=\"1jcxl0q\" data-start=\"1213\" data-end=\"1231\">ko\u0142o podporowe<\/li>\n<\/ul>\n<hr data-start=\"1233\" data-end=\"1236\" \/>\n<p data-start=\"1238\" data-end=\"1252\"><strong data-start=\"1238\" data-end=\"1252\">Regulacja:<\/strong><\/p>\n<ul data-start=\"1253\" data-end=\"1492\">\n<li data-section-id=\"errva3\" data-start=\"1253\" data-end=\"1310\">regulacja boczna (przesuni\u0119cie wzgl\u0119dem osi ci\u0105gnika)<\/li>\n<li data-section-id=\"4k1uz5\" data-start=\"1311\" data-end=\"1356\">regulacja wzd\u0142u\u017cna (k\u0105t ustawienia p\u0142uga)<\/li>\n<li data-section-id=\"sbmp2j\" data-start=\"1357\" data-end=\"1397\">regulacja wysoko\u015bci ko\u0142a podporowego<\/li>\n<li data-section-id=\"1psgquo\" data-start=\"1398\" data-end=\"1492\">regulacja w dw\u00f3ch p\u0142aszczyznach: pionowej i poziomej<\/li>\n<\/ul>\n","protected":false},"excerpt":{"rendered":"<p data-start=\"240\" data-end=\"548\"><strong data-start=\"240\" data-end=\"290\">P\u0142ug jednoskibowy zagonowy z regulacj\u0105 4FARMER<\/strong> to solidne i kompaktowe narz\u0119dzie rolnicze przeznaczone do pracy w ma\u0142ych gospodarstwach, ogrodach, sadach oraz przy uprawie warzyw. Dzi\u0119ki prostej konstrukcji i mo\u017cliwo\u015bci regulacji, zapewnia efektywn\u0105 ork\u0119 oraz \u0142atwe dopasowanie do r\u00f3\u017cnych warunk\u00f3w pracy.<\/p>\n<p data-start=\"550\" data-end=\"642\">Model ten jest szczeg\u00f3lnie polecany do wsp\u00f3\u0142pracy z lekkimi ci\u0105gnikami oraz mini traktorami.<\/p>\n","protected":false},"featured_media":82,"comment_status":"open","ping_status":"closed","template":"","meta":{"site-sidebar-layout":"default","site-content-layout":"","ast-site-content-layout":"default","site-content-style":"default","site-sidebar-style":"default","ast-global-header-display":"","ast-banner-title-visibility":"","ast-main-header-display":"","ast-hfb-above-header-display":"","ast-hfb-below-header-display":"","ast-hfb-mobile-header-display":"","site-post-title":"","ast-breadcrumbs-content":"","ast-featured-img":"","footer-sml-layout":"","ast-disable-related-posts":"","theme-transparent-header-meta":"default","adv-header-id-meta":"","stick-header-meta":"","header-above-stick-meta":"","header-main-stick-meta":"","header-below-stick-meta":"","astra-migrate-meta-layouts":"set","ast-page-background-enabled":"default","ast-page-background-meta":{"desktop":{"background-color":"var(--ast-global-color-5)","background-image":"","background-repeat":"repeat","background-position":"center center","background-size":"auto","background-attachment":"scroll","background-type":"","background-media":"","overlay-type":"","overlay-color":"","overlay-opacity":"","overlay-gradient":""},"tablet":{"background-color":"","background-image":"","background-repeat":"repeat","background-position":"center center","background-size":"auto","background-attachment":"scroll","background-type":"","background-media":"","overlay-type":"","overlay-color":"","overlay-opacity":"","overlay-gradient":""},"mobile":{"background-color":"","background-image":"","background-repeat":"repeat","background-position":"center center","background-size":"auto","background-attachment":"scroll","background-type":"","background-media":"","overlay-type":"","overlay-color":"","overlay-opacity":"","overlay-gradient":""}},"ast-content-background-meta":{"desktop":{"background-color":"var(--ast-global-color-4)","background-image":"","background-repeat":"repeat","background-position":"center center","background-size":"auto","background-attachment":"scroll","background-type":"","background-media":"","overlay-type":"","overlay-color":"","overlay-opacity":"","overlay-gradient":""},"tablet":{"background-color":"var(--ast-global-color-4)","background-image":"","background-repeat":"repeat","background-position":"center center","background-size":"auto","background-attachment":"scroll","background-type":"","background-media":"","overlay-type":"","overlay-color":"","overlay-opacity":"","overlay-gradient":""},"mobile":{"background-color":"var(--ast-global-color-4)","background-image":"","background-repeat":"repeat","background-position":"center center","background-size":"auto","background-attachment":"scroll","background-type":"","background-media":"","overlay-type":"","overlay-color":"","overlay-opacity":"","overlay-gradient":""}}},"product_brand":[],"product_cat":[21],"product_tag":[],"class_list":{"0":"post-81","1":"product","2":"type-product","3":"status-publish","4":"has-post-thumbnail","6":"product_cat-plugi","7":"desktop-align-left","8":"tablet-align-left","9":"mobile-align-left","11":"first","12":"instock","13":"shipping-taxable","14":"purchasable","15":"product-type-simple"},"jetpack_sharing_enabled":true,"_links":{"self":[{"href":"https:\/\/sklepnazaliczeniedopananowickiego.pl\/index.php?rest_route=\/wp\/v2\/product\/81","targetHints":{"allow":["GET"]}}],"collection":[{"href":"https:\/\/sklepnazaliczeniedopananowickiego.pl\/index.php?rest_route=\/wp\/v2\/product"}],"about":[{"href":"https:\/\/sklepnazaliczeniedopananowickiego.pl\/index.php?rest_route=\/wp\/v2\/types\/product"}],"replies":[{"embeddable":true,"href":"https:\/\/sklepnazaliczeniedopananowickiego.pl\/index.php?rest_route=%2Fwp%2Fv2%2Fcomments&post=81"}],"wp:featuredmedia":[{"embeddable":true,"href":"https:\/\/sklepnazaliczeniedopananowickiego.pl\/index.php?rest_route=\/wp\/v2\/media\/82"}],"wp:attachment":[{"href":"https:\/\/sklepnazaliczeniedopananowickiego.pl\/index.php?rest_route=%2Fwp%2Fv2%2Fmedia&parent=81"}],"wp:term":[{"taxonomy":"product_brand","embeddable":true,"href":"https:\/\/sklepnazaliczeniedopananowickiego.pl\/index.php?rest_route=%2Fwp%2Fv2%2Fproduct_brand&post=81"},{"taxonomy":"product_cat","embeddable":true,"href":"https:\/\/sklepnazaliczeniedopananowickiego.pl\/index.php?rest_route=%2Fwp%2Fv2%2Fproduct_cat&post=81"},{"taxonomy":"product_tag","embeddable":true,"href":"https:\/\/sklepnazaliczeniedopananowickiego.pl\/index.php?rest_route=%2Fwp%2Fv2%2Fproduct_tag&post=81"}],"curies":[{"name":"wp","href":"https:\/\/api.w.org\/{rel}","templated":true}]}}