{"id":87,"date":"2026-04-21T00:35:18","date_gmt":"2026-04-20T22:35:18","guid":{"rendered":"http:\/\/sklepnazaliczeniedopananowickiego.pl\/?post_type=product&#038;p=87"},"modified":"2026-04-21T00:38:33","modified_gmt":"2026-04-20T22:38:33","slug":"jbm-plug-rolniczy-zagonowy-5-skibowy-podwyzszany","status":"publish","type":"product","link":"https:\/\/sklepnazaliczeniedopananowickiego.pl\/?product=jbm-plug-rolniczy-zagonowy-5-skibowy-podwyzszany","title":{"rendered":"JBM p\u0142ug rolniczy zagonowy 5-skibowy podwy\u017cszany"},"content":{"rendered":"<p data-start=\"721\" data-end=\"737\"><strong data-start=\"721\" data-end=\"737\">Typ maszyny:<\/strong><\/p>\n<ul data-start=\"738\" data-end=\"789\">\n<li data-section-id=\"19lm6kc\" data-start=\"738\" data-end=\"770\">P\u0142ug zagonowy (jednostronny)<\/li>\n<li data-section-id=\"y1pfgr\" data-start=\"771\" data-end=\"789\">Liczba skib: 5<\/li>\n<\/ul>\n<hr data-start=\"791\" data-end=\"794\" \/>\n<p data-start=\"796\" data-end=\"818\"><strong data-start=\"796\" data-end=\"818\">Szeroko\u015b\u0107 robocza:<\/strong><\/p>\n<ul data-start=\"819\" data-end=\"981\">\n<li data-section-id=\"obk2ux\" data-start=\"819\" data-end=\"904\">ok. 1500 \u2013 2000 mm<\/li>\n<li data-section-id=\"1ezc102\" data-start=\"905\" data-end=\"981\">Szeroko\u015b\u0107 jednej skiby: 300\u2013400 mm<\/li>\n<\/ul>\n<hr data-start=\"983\" data-end=\"986\" \/>\n<p data-start=\"988\" data-end=\"1013\"><strong data-start=\"988\" data-end=\"1013\">Zapotrzebowanie mocy:<\/strong><\/p>\n<ul data-start=\"1014\" data-end=\"1073\">\n<li data-section-id=\"srumof\" data-start=\"1014\" data-end=\"1073\">min. ok. 80\u201390 KM<\/li>\n<\/ul>\n<hr data-start=\"1075\" data-end=\"1078\" \/>\n<p data-start=\"1080\" data-end=\"1089\"><strong data-start=\"1080\" data-end=\"1089\">Masa:<\/strong><\/p>\n<ul data-start=\"1090\" data-end=\"1148\">\n<li data-section-id=\"1t2lk81\" data-start=\"1090\" data-end=\"1148\">ok. 460 \u2013 650 kg<\/li>\n<\/ul>\n<hr data-start=\"1150\" data-end=\"1153\" \/>\n<p data-start=\"1155\" data-end=\"1171\"><strong data-start=\"1155\" data-end=\"1171\">Konstrukcja:<\/strong><\/p>\n<ul data-start=\"1172\" data-end=\"1320\">\n<li data-section-id=\"hvr2y7\" data-start=\"1172\" data-end=\"1199\">wzmocniona rama stalowa<\/li>\n<li data-section-id=\"y1l4w9\" data-start=\"1200\" data-end=\"1292\">prze\u015bwit pod ram\u0105: ok. 700 mm (wersja podwy\u017cszana)<\/li>\n<li data-section-id=\"fcgur0\" data-start=\"1293\" data-end=\"1320\">sta\u0142a szeroko\u015b\u0107 robocza<\/li>\n<\/ul>\n<hr data-start=\"1322\" data-end=\"1325\" \/>\n<p data-start=\"1327\" data-end=\"1348\"><strong data-start=\"1327\" data-end=\"1348\">Elementy robocze:<\/strong><\/p>\n<ul data-start=\"1349\" data-end=\"1479\">\n<li data-section-id=\"h4114k\" data-start=\"1349\" data-end=\"1437\">odk\u0142adnice p\u00f3\u0142\u015brubowe<\/li>\n<li data-section-id=\"1wim4km\" data-start=\"1438\" data-end=\"1459\">lemiesze wymienne<\/li>\n<li data-section-id=\"2o5hi7\" data-start=\"1460\" data-end=\"1479\">s\u0142upice robocze<\/li>\n<\/ul>\n<hr data-start=\"1481\" data-end=\"1484\" \/>\n<p data-start=\"1486\" data-end=\"1505\"><strong data-start=\"1486\" data-end=\"1505\">Zabezpieczenia:<\/strong><\/p>\n<ul data-start=\"1506\" data-end=\"1599\">\n<li data-section-id=\"14r2ny5\" data-start=\"1506\" data-end=\"1599\">zabezpieczenie \u015brubowe (zrywalne) przeciw kamieniom<\/li>\n<\/ul>\n<hr data-start=\"1601\" data-end=\"1604\" \/>\n<p data-start=\"1606\" data-end=\"1625\"><strong data-start=\"1606\" data-end=\"1625\">Ko\u0142o podporowe:<\/strong><\/p>\n<ul data-start=\"1626\" data-end=\"1694\">\n<li data-section-id=\"2tnhug\" data-start=\"1626\" data-end=\"1650\">metalowe, tulejowane<\/li>\n<li data-section-id=\"ctyzww\" data-start=\"1651\" data-end=\"1694\">opcjonalnie: ko\u0142o na \u0142o\u017cysku lub gumowe<\/li>\n<\/ul>\n","protected":false},"excerpt":{"rendered":"<p data-start=\"239\" data-end=\"546\"><strong data-start=\"239\" data-end=\"291\">P\u0142ug rolniczy zagonowy 5-skibowy podwy\u017cszany JBM<\/strong> to wydajna i trwa\u0142a maszyna przeznaczona do pracy w \u015brednich i du\u017cych gospodarstwach rolnych. Dzi\u0119ki zwi\u0119kszonemu prze\u015bwitowi pod ram\u0105 oraz solidnej konstrukcji, doskonale sprawdza si\u0119 w warunkach du\u017cej ilo\u015bci resztek po\u017cniwnych oraz przy g\u0142\u0119bokiej orce.<\/p>\n<p data-start=\"548\" data-end=\"683\">Model ten \u0142\u0105czy wysok\u0105 efektywno\u015b\u0107 pracy, prostot\u0119 obs\u0142ugi oraz niezawodno\u015b\u0107, co czyni go idealnym wyborem do intensywnej eksploatacji.<\/p>\n","protected":false},"featured_media":88,"comment_status":"open","ping_status":"closed","template":"","meta":{"site-sidebar-layout":"default","site-content-layout":"","ast-site-content-layout":"default","site-content-style":"default","site-sidebar-style":"default","ast-global-header-display":"","ast-banner-title-visibility":"","ast-main-header-display":"","ast-hfb-above-header-display":"","ast-hfb-below-header-display":"","ast-hfb-mobile-header-display":"","site-post-title":"","ast-breadcrumbs-content":"","ast-featured-img":"","footer-sml-layout":"","ast-disable-related-posts":"","theme-transparent-header-meta":"default","adv-header-id-meta":"","stick-header-meta":"","header-above-stick-meta":"","header-main-stick-meta":"","header-below-stick-meta":"","astra-migrate-meta-layouts":"set","ast-page-background-enabled":"default","ast-page-background-meta":{"desktop":{"background-color":"var(--ast-global-color-5)","background-image":"","background-repeat":"repeat","background-position":"center center","background-size":"auto","background-attachment":"scroll","background-type":"","background-media":"","overlay-type":"","overlay-color":"","overlay-opacity":"","overlay-gradient":""},"tablet":{"background-color":"","background-image":"","background-repeat":"repeat","background-position":"center center","background-size":"auto","background-attachment":"scroll","background-type":"","background-media":"","overlay-type":"","overlay-color":"","overlay-opacity":"","overlay-gradient":""},"mobile":{"background-color":"","background-image":"","background-repeat":"repeat","background-position":"center center","background-size":"auto","background-attachment":"scroll","background-type":"","background-media":"","overlay-type":"","overlay-color":"","overlay-opacity":"","overlay-gradient":""}},"ast-content-background-meta":{"desktop":{"background-color":"var(--ast-global-color-4)","background-image":"","background-repeat":"repeat","background-position":"center center","background-size":"auto","background-attachment":"scroll","background-type":"","background-media":"","overlay-type":"","overlay-color":"","overlay-opacity":"","overlay-gradient":""},"tablet":{"background-color":"var(--ast-global-color-4)","background-image":"","background-repeat":"repeat","background-position":"center center","background-size":"auto","background-attachment":"scroll","background-type":"","background-media":"","overlay-type":"","overlay-color":"","overlay-opacity":"","overlay-gradient":""},"mobile":{"background-color":"var(--ast-global-color-4)","background-image":"","background-repeat":"repeat","background-position":"center center","background-size":"auto","background-attachment":"scroll","background-type":"","background-media":"","overlay-type":"","overlay-color":"","overlay-opacity":"","overlay-gradient":""}}},"product_brand":[],"product_cat":[21],"product_tag":[],"class_list":{"0":"post-87","1":"product","2":"type-product","3":"status-publish","4":"has-post-thumbnail","6":"product_cat-plugi","7":"desktop-align-left","8":"tablet-align-left","9":"mobile-align-left","11":"first","12":"instock","13":"shipping-taxable","14":"purchasable","15":"product-type-simple"},"jetpack_sharing_enabled":true,"_links":{"self":[{"href":"https:\/\/sklepnazaliczeniedopananowickiego.pl\/index.php?rest_route=\/wp\/v2\/product\/87","targetHints":{"allow":["GET"]}}],"collection":[{"href":"https:\/\/sklepnazaliczeniedopananowickiego.pl\/index.php?rest_route=\/wp\/v2\/product"}],"about":[{"href":"https:\/\/sklepnazaliczeniedopananowickiego.pl\/index.php?rest_route=\/wp\/v2\/types\/product"}],"replies":[{"embeddable":true,"href":"https:\/\/sklepnazaliczeniedopananowickiego.pl\/index.php?rest_route=%2Fwp%2Fv2%2Fcomments&post=87"}],"wp:featuredmedia":[{"embeddable":true,"href":"https:\/\/sklepnazaliczeniedopananowickiego.pl\/index.php?rest_route=\/wp\/v2\/media\/88"}],"wp:attachment":[{"href":"https:\/\/sklepnazaliczeniedopananowickiego.pl\/index.php?rest_route=%2Fwp%2Fv2%2Fmedia&parent=87"}],"wp:term":[{"taxonomy":"product_brand","embeddable":true,"href":"https:\/\/sklepnazaliczeniedopananowickiego.pl\/index.php?rest_route=%2Fwp%2Fv2%2Fproduct_brand&post=87"},{"taxonomy":"product_cat","embeddable":true,"href":"https:\/\/sklepnazaliczeniedopananowickiego.pl\/index.php?rest_route=%2Fwp%2Fv2%2Fproduct_cat&post=87"},{"taxonomy":"product_tag","embeddable":true,"href":"https:\/\/sklepnazaliczeniedopananowickiego.pl\/index.php?rest_route=%2Fwp%2Fv2%2Fproduct_tag&post=87"}],"curies":[{"name":"wp","href":"https:\/\/api.w.org\/{rel}","templated":true}]}}