{"id":93,"date":"2026-04-21T00:45:01","date_gmt":"2026-04-20T22:45:01","guid":{"rendered":"http:\/\/sklepnazaliczeniedopananowickiego.pl\/?post_type=product&#038;p=93"},"modified":"2026-04-23T22:43:31","modified_gmt":"2026-04-23T20:43:31","slug":"pasza-tresciwa-de-heus-18-bialka-25-kg","status":"publish","type":"product","link":"https:\/\/sklepnazaliczeniedopananowickiego.pl\/?product=pasza-tresciwa-de-heus-18-bialka-25-kg","title":{"rendered":"Pasza tre\u015bciwa De Heus 18% bia\u0142ka 25 kg"},"content":{"rendered":"<h2 data-section-id=\"kz0179\" data-start=\"656\" data-end=\"688\">Sk\u0142ad i parametry od\u017cywcze<\/h2>\n<ul data-start=\"690\" data-end=\"827\">\n<li data-section-id=\"a4w1ri\" data-start=\"690\" data-end=\"716\"><strong data-start=\"692\" data-end=\"710\">Bia\u0142ko og\u00f3lne:<\/strong> 18%<\/li>\n<li data-section-id=\"194w5yr\" data-start=\"717\" data-end=\"740\"><strong data-start=\"719\" data-end=\"729\">Forma:<\/strong> granulat<\/li>\n<li data-section-id=\"j2ao0z\" data-start=\"741\" data-end=\"771\"><strong data-start=\"743\" data-end=\"763\">Waga opakowania:<\/strong> 25 kg<\/li>\n<li data-section-id=\"ld1dy5\" data-start=\"772\" data-end=\"827\"><strong data-start=\"774\" data-end=\"792\">Przeznaczenie:<\/strong> byd\u0142o mleczne<\/li>\n<\/ul>\n","protected":false},"excerpt":{"rendered":"<p>Mieszanka paszowa 18 OPTIMAL przeznaczona dla stad kr\u00f3w mlecznych produkuj\u0105cych do 9 000 litr\u00f3w mleka, skarmianych dawkami z r\u00f3wnym udzia\u0142em kiszonek traw i kukurydzy.<\/p>\n","protected":false},"featured_media":94,"comment_status":"open","ping_status":"closed","template":"","meta":{"site-sidebar-layout":"default","site-content-layout":"","ast-site-content-layout":"default","site-content-style":"default","site-sidebar-style":"default","ast-global-header-display":"","ast-banner-title-visibility":"","ast-main-header-display":"","ast-hfb-above-header-display":"","ast-hfb-below-header-display":"","ast-hfb-mobile-header-display":"","site-post-title":"","ast-breadcrumbs-content":"","ast-featured-img":"","footer-sml-layout":"","ast-disable-related-posts":"","theme-transparent-header-meta":"default","adv-header-id-meta":"","stick-header-meta":"","header-above-stick-meta":"","header-main-stick-meta":"","header-below-stick-meta":"","astra-migrate-meta-layouts":"set","ast-page-background-enabled":"default","ast-page-background-meta":{"desktop":{"background-color":"var(--ast-global-color-5)","background-image":"","background-repeat":"repeat","background-position":"center center","background-size":"auto","background-attachment":"scroll","background-type":"","background-media":"","overlay-type":"","overlay-color":"","overlay-opacity":"","overlay-gradient":""},"tablet":{"background-color":"","background-image":"","background-repeat":"repeat","background-position":"center center","background-size":"auto","background-attachment":"scroll","background-type":"","background-media":"","overlay-type":"","overlay-color":"","overlay-opacity":"","overlay-gradient":""},"mobile":{"background-color":"","background-image":"","background-repeat":"repeat","background-position":"center center","background-size":"auto","background-attachment":"scroll","background-type":"","background-media":"","overlay-type":"","overlay-color":"","overlay-opacity":"","overlay-gradient":""}},"ast-content-background-meta":{"desktop":{"background-color":"var(--ast-global-color-4)","background-image":"","background-repeat":"repeat","background-position":"center center","background-size":"auto","background-attachment":"scroll","background-type":"","background-media":"","overlay-type":"","overlay-color":"","overlay-opacity":"","overlay-gradient":""},"tablet":{"background-color":"var(--ast-global-color-4)","background-image":"","background-repeat":"repeat","background-position":"center center","background-size":"auto","background-attachment":"scroll","background-type":"","background-media":"","overlay-type":"","overlay-color":"","overlay-opacity":"","overlay-gradient":""},"mobile":{"background-color":"var(--ast-global-color-4)","background-image":"","background-repeat":"repeat","background-position":"center center","background-size":"auto","background-attachment":"scroll","background-type":"","background-media":"","overlay-type":"","overlay-color":"","overlay-opacity":"","overlay-gradient":""}}},"product_brand":[],"product_cat":[15],"product_tag":[],"class_list":{"0":"post-93","1":"product","2":"type-product","3":"status-publish","4":"has-post-thumbnail","6":"product_cat-pasza","7":"desktop-align-left","8":"tablet-align-left","9":"mobile-align-left","11":"first","12":"instock","13":"shipping-taxable","14":"product-type-simple"},"jetpack_sharing_enabled":true,"_links":{"self":[{"href":"https:\/\/sklepnazaliczeniedopananowickiego.pl\/index.php?rest_route=\/wp\/v2\/product\/93","targetHints":{"allow":["GET"]}}],"collection":[{"href":"https:\/\/sklepnazaliczeniedopananowickiego.pl\/index.php?rest_route=\/wp\/v2\/product"}],"about":[{"href":"https:\/\/sklepnazaliczeniedopananowickiego.pl\/index.php?rest_route=\/wp\/v2\/types\/product"}],"replies":[{"embeddable":true,"href":"https:\/\/sklepnazaliczeniedopananowickiego.pl\/index.php?rest_route=%2Fwp%2Fv2%2Fcomments&post=93"}],"wp:featuredmedia":[{"embeddable":true,"href":"https:\/\/sklepnazaliczeniedopananowickiego.pl\/index.php?rest_route=\/wp\/v2\/media\/94"}],"wp:attachment":[{"href":"https:\/\/sklepnazaliczeniedopananowickiego.pl\/index.php?rest_route=%2Fwp%2Fv2%2Fmedia&parent=93"}],"wp:term":[{"taxonomy":"product_brand","embeddable":true,"href":"https:\/\/sklepnazaliczeniedopananowickiego.pl\/index.php?rest_route=%2Fwp%2Fv2%2Fproduct_brand&post=93"},{"taxonomy":"product_cat","embeddable":true,"href":"https:\/\/sklepnazaliczeniedopananowickiego.pl\/index.php?rest_route=%2Fwp%2Fv2%2Fproduct_cat&post=93"},{"taxonomy":"product_tag","embeddable":true,"href":"https:\/\/sklepnazaliczeniedopananowickiego.pl\/index.php?rest_route=%2Fwp%2Fv2%2Fproduct_tag&post=93"}],"curies":[{"name":"wp","href":"https:\/\/api.w.org\/{rel}","templated":true}]}}