{"id":95,"date":"2026-04-21T01:02:18","date_gmt":"2026-04-20T23:02:18","guid":{"rendered":"http:\/\/sklepnazaliczeniedopananowickiego.pl\/?post_type=product&#038;p=95"},"modified":"2026-04-21T02:37:51","modified_gmt":"2026-04-21T00:37:51","slug":"staltech-glebosz-belkowy-30-m-4-lapy","status":"publish","type":"product","link":"https:\/\/sklepnazaliczeniedopananowickiego.pl\/?product=staltech-glebosz-belkowy-30-m-4-lapy","title":{"rendered":"Staltech g\u0142\u0119bosz BELKOWY 3,0 m \/ 4 \u0142apy"},"content":{"rendered":"<p data-start=\"861\" data-end=\"897\"><strong data-start=\"861\" data-end=\"877\">Typ maszyny:<\/strong><br data-start=\"877\" data-end=\"880\" \/>G\u0142\u0119bosz belkowy<\/p>\n<p data-start=\"899\" data-end=\"920\"><strong data-start=\"899\" data-end=\"914\">Liczba \u0142ap:<\/strong><br data-start=\"914\" data-end=\"917\" \/>4<\/p>\n<p data-start=\"922\" data-end=\"988\"><strong data-start=\"922\" data-end=\"944\">Uk\u0142ad zawieszenia:<\/strong><br data-start=\"944\" data-end=\"947\" \/>TUZ \u2013 zaczep 3-punktowy (kat. II \/ III)<\/p>\n<p data-start=\"990\" data-end=\"1022\"><strong data-start=\"990\" data-end=\"1012\">Szeroko\u015b\u0107 robocza:<\/strong><br data-start=\"1012\" data-end=\"1015\" \/>3,0 m<\/p>\n<p data-start=\"1024\" data-end=\"1103\"><strong data-start=\"1024\" data-end=\"1046\">G\u0142\u0119boko\u015b\u0107 robocza:<\/strong><br data-start=\"1046\" data-end=\"1049\" \/>do ok. 45\u201360 cm (w zale\u017cno\u015bci od warunk\u00f3w glebowych)<\/p>\n<p data-start=\"1105\" data-end=\"1197\"><strong data-start=\"1105\" data-end=\"1117\">Wymiary:<\/strong><br data-start=\"1117\" data-end=\"1120\" \/>D\u0142ugo\u015b\u0107: ok. 2200\u20132500 mm<br data-start=\"1145\" data-end=\"1148\" \/>Szeroko\u015b\u0107: 3000 mm<br data-start=\"1166\" data-end=\"1169\" \/>Wysoko\u015b\u0107: ok. 1200\u20131400 mm<\/p>\n<p data-start=\"1199\" data-end=\"1227\"><strong data-start=\"1199\" data-end=\"1208\">Masa:<\/strong><br data-start=\"1208\" data-end=\"1211\" \/>ok. 700\u2013900 kg<\/p>\n<p data-start=\"1229\" data-end=\"1406\"><strong data-start=\"1229\" data-end=\"1250\">Elementy robocze:<\/strong><br data-start=\"1250\" data-end=\"1253\" \/>\u0142apy robocze ze stali wysokiej wytrzyma\u0142o\u015bci<br data-start=\"1297\" data-end=\"1300\" \/>redlice (wymienne)<br data-start=\"1318\" data-end=\"1321\" \/>rama belkowa<br data-start=\"1333\" data-end=\"1336\" \/>zabezpieczenia \u0142ap \u015brubowe<\/p>\n<p data-start=\"1408\" data-end=\"1561\"><strong data-start=\"1408\" data-end=\"1422\">Regulacja:<\/strong><br data-start=\"1422\" data-end=\"1425\" \/>regulacja g\u0142\u0119boko\u015bci pracy<br data-start=\"1510\" data-end=\"1513\" \/>regulacja ustawienia maszyny wzgl\u0119dem ci\u0105gnika<\/p>\n","protected":false},"excerpt":{"rendered":"<p>Staltech g\u0142\u0119bosz BELKOWY 3,0 m \/ 4 \u0142apy to solidne i wydajne narz\u0119dzie przeznaczone do g\u0142\u0119bokiego spulchniania gleby bez jej odwracania. Idealnie sprawdza si\u0119 w gospodarstwach rolnych d\u0105\u017c\u0105cych do poprawy struktury gleby, zwi\u0119kszenia jej napowietrzenia oraz lepszego magazynowania wody.<\/p>\n<p>Maszyna wsp\u00f3\u0142pracuje z ci\u0105gnikami wyposa\u017conymi w trzypunktowy uk\u0142ad zawieszenia (TUZ), a jej odpowiednio dobrana szeroko\u015b\u0107 robocza pozwala na efektywn\u0105 prac\u0119 przy optymalnym zapotrzebowaniu na moc.<\/p>\n","protected":false},"featured_media":96,"comment_status":"open","ping_status":"closed","template":"","meta":{"site-sidebar-layout":"default","site-content-layout":"","ast-site-content-layout":"default","site-content-style":"default","site-sidebar-style":"default","ast-global-header-display":"","ast-banner-title-visibility":"","ast-main-header-display":"","ast-hfb-above-header-display":"","ast-hfb-below-header-display":"","ast-hfb-mobile-header-display":"","site-post-title":"","ast-breadcrumbs-content":"","ast-featured-img":"","footer-sml-layout":"","ast-disable-related-posts":"","theme-transparent-header-meta":"default","adv-header-id-meta":"","stick-header-meta":"","header-above-stick-meta":"","header-main-stick-meta":"","header-below-stick-meta":"","astra-migrate-meta-layouts":"set","ast-page-background-enabled":"default","ast-page-background-meta":{"desktop":{"background-color":"var(--ast-global-color-5)","background-image":"","background-repeat":"repeat","background-position":"center center","background-size":"auto","background-attachment":"scroll","background-type":"","background-media":"","overlay-type":"","overlay-color":"","overlay-opacity":"","overlay-gradient":""},"tablet":{"background-color":"","background-image":"","background-repeat":"repeat","background-position":"center center","background-size":"auto","background-attachment":"scroll","background-type":"","background-media":"","overlay-type":"","overlay-color":"","overlay-opacity":"","overlay-gradient":""},"mobile":{"background-color":"","background-image":"","background-repeat":"repeat","background-position":"center center","background-size":"auto","background-attachment":"scroll","background-type":"","background-media":"","overlay-type":"","overlay-color":"","overlay-opacity":"","overlay-gradient":""}},"ast-content-background-meta":{"desktop":{"background-color":"var(--ast-global-color-4)","background-image":"","background-repeat":"repeat","background-position":"center center","background-size":"auto","background-attachment":"scroll","background-type":"","background-media":"","overlay-type":"","overlay-color":"","overlay-opacity":"","overlay-gradient":""},"tablet":{"background-color":"var(--ast-global-color-4)","background-image":"","background-repeat":"repeat","background-position":"center center","background-size":"auto","background-attachment":"scroll","background-type":"","background-media":"","overlay-type":"","overlay-color":"","overlay-opacity":"","overlay-gradient":""},"mobile":{"background-color":"var(--ast-global-color-4)","background-image":"","background-repeat":"repeat","background-position":"center center","background-size":"auto","background-attachment":"scroll","background-type":"","background-media":"","overlay-type":"","overlay-color":"","overlay-opacity":"","overlay-gradient":""}}},"product_brand":[],"product_cat":[26],"product_tag":[],"class_list":{"0":"post-95","1":"product","2":"type-product","3":"status-publish","4":"has-post-thumbnail","6":"product_cat-glebosze","7":"desktop-align-left","8":"tablet-align-left","9":"mobile-align-left","11":"first","12":"instock","13":"shipping-taxable","14":"purchasable","15":"product-type-simple"},"jetpack_sharing_enabled":true,"_links":{"self":[{"href":"https:\/\/sklepnazaliczeniedopananowickiego.pl\/index.php?rest_route=\/wp\/v2\/product\/95","targetHints":{"allow":["GET"]}}],"collection":[{"href":"https:\/\/sklepnazaliczeniedopananowickiego.pl\/index.php?rest_route=\/wp\/v2\/product"}],"about":[{"href":"https:\/\/sklepnazaliczeniedopananowickiego.pl\/index.php?rest_route=\/wp\/v2\/types\/product"}],"replies":[{"embeddable":true,"href":"https:\/\/sklepnazaliczeniedopananowickiego.pl\/index.php?rest_route=%2Fwp%2Fv2%2Fcomments&post=95"}],"wp:featuredmedia":[{"embeddable":true,"href":"https:\/\/sklepnazaliczeniedopananowickiego.pl\/index.php?rest_route=\/wp\/v2\/media\/96"}],"wp:attachment":[{"href":"https:\/\/sklepnazaliczeniedopananowickiego.pl\/index.php?rest_route=%2Fwp%2Fv2%2Fmedia&parent=95"}],"wp:term":[{"taxonomy":"product_brand","embeddable":true,"href":"https:\/\/sklepnazaliczeniedopananowickiego.pl\/index.php?rest_route=%2Fwp%2Fv2%2Fproduct_brand&post=95"},{"taxonomy":"product_cat","embeddable":true,"href":"https:\/\/sklepnazaliczeniedopananowickiego.pl\/index.php?rest_route=%2Fwp%2Fv2%2Fproduct_cat&post=95"},{"taxonomy":"product_tag","embeddable":true,"href":"https:\/\/sklepnazaliczeniedopananowickiego.pl\/index.php?rest_route=%2Fwp%2Fv2%2Fproduct_tag&post=95"}],"curies":[{"name":"wp","href":"https:\/\/api.w.org\/{rel}","templated":true}]}}